{"id":675059,"date":"2022-05-10T15:54:52","date_gmt":"2022-05-10T13:54:52","guid":{"rendered":"https:\/\/sagemax.com\/downloads\/"},"modified":"2025-07-29T14:03:59","modified_gmt":"2025-07-29T12:03:59","slug":"downloads","status":"publish","type":"page","link":"https:\/\/sagemax.com\/pt-pt\/downloads\/","title":{"rendered":"Downloads"},"content":{"rendered":"[vc_row type=&#8221;in_container&#8221; full_screen_row_position=&#8221;middle&#8221; column_margin=&#8221;default&#8221; column_direction=&#8221;default&#8221; column_direction_tablet=&#8221;default&#8221; column_direction_phone=&#8221;default&#8221; scene_position=&#8221;center&#8221; top_padding=&#8221;70&#8243; text_color=&#8221;dark&#8221; text_align=&#8221;left&#8221; row_border_radius=&#8221;none&#8221; row_border_radius_applies=&#8221;bg&#8221; overflow=&#8221;visible&#8221; overlay_strength=&#8221;0.3&#8243; gradient_direction=&#8221;left_to_right&#8221; shape_divider_position=&#8221;bottom&#8221; bg_image_animation=&#8221;none&#8221; shape_type=&#8221;&#8221;][vc_column column_padding=&#8221;no-extra-padding&#8221; column_padding_tablet=&#8221;inherit&#8221; column_padding_phone=&#8221;inherit&#8221; column_padding_position=&#8221;all&#8221; column_element_direction_desktop=&#8221;default&#8221; column_element_spacing=&#8221;default&#8221; desktop_text_alignment=&#8221;default&#8221; tablet_text_alignment=&#8221;default&#8221; phone_text_alignment=&#8221;default&#8221; background_color_opacity=&#8221;1&#8243; background_hover_color_opacity=&#8221;1&#8243; column_backdrop_filter=&#8221;none&#8221; column_shadow=&#8221;none&#8221; column_border_radius=&#8221;none&#8221; column_link_target=&#8221;_self&#8221; column_position=&#8221;default&#8221; gradient_direction=&#8221;left_to_right&#8221; overlay_strength=&#8221;0.3&#8243; width=&#8221;1\/2&#8243; tablet_width_inherit=&#8221;default&#8221; animation_type=&#8221;default&#8221; bg_image_animation=&#8221;none&#8221; border_type=&#8221;simple&#8221; column_border_width=&#8221;none&#8221; column_border_style=&#8221;solid&#8221;][vc_column_text el_class=&#8221;product__det__sub__underline&#8221;]\u00c1rea de download[\/vc_column_text][vc_column_text el_class=&#8221;product__det__title&#8221;]\n<h3>Bem-vindo \u00e0 \u00e1rea de downloads<br \/>\nda Sagemax<\/h3>\n[\/vc_column_text][vc_column_text css=&#8221;&#8221; text_direction=&#8221;default&#8221;]Encontre todos os documentos relevantes nesta p\u00e1gina!<\/p>\n<p>A partir de 01 de novembro de 2023, a Sagemax Bioceramics Inc. alterou o seu Representante Autorizado no Mercado da Uni\u00e3o. O novo Representante Autorizado \u00e9 DSSM AG (Endere\u00e7o: Im alten Riet 9, 9494 Schaan, Principado de Liechtenstein, E-Mail: <a href=\"mailto:contact@dssm.group\">contact@dssm.group<\/a>).<\/p>\n<p>A partir de 17 de fevereiro de 2025, a DSSM AG tamb\u00e9m atua como a nova fabricante legal de dispositivos Sagemax. Durante o per\u00edodo de transi\u00e7\u00e3o, os produtos da Sagemax Bioceramics Inc. continuar\u00e3o dispon\u00edveis. Voc\u00ea pode identificar o fabricante legal ao lado do s\u00edmbolo preto de f\u00e1brica na embalagem. Na se\u00e7\u00e3o de downloads, voc\u00ea pode determinar as vers\u00f5es do documento associadas a ambos os fabricantes legais referenciando o segmento final do nome do arquivo. Para acessar os portais de eIFU da DSSM AG e da Sagemax Bioceramics Inc., basta clicar nos dois bot\u00f5es abaixo.[\/vc_column_text][\/vc_column][vc_column column_padding=&#8221;no-extra-padding&#8221; column_padding_tablet=&#8221;inherit&#8221; column_padding_phone=&#8221;inherit&#8221; column_padding_position=&#8221;all&#8221; column_element_direction_desktop=&#8221;default&#8221; column_element_spacing=&#8221;default&#8221; desktop_text_alignment=&#8221;default&#8221; tablet_text_alignment=&#8221;default&#8221; phone_text_alignment=&#8221;default&#8221; background_color_opacity=&#8221;1&#8243; background_hover_color_opacity=&#8221;1&#8243; column_backdrop_filter=&#8221;none&#8221; column_shadow=&#8221;none&#8221; column_border_radius=&#8221;none&#8221; column_link_target=&#8221;_self&#8221; column_position=&#8221;default&#8221; gradient_direction=&#8221;left_to_right&#8221; overlay_strength=&#8221;0.3&#8243; width=&#8221;1\/2&#8243; tablet_width_inherit=&#8221;default&#8221; animation_type=&#8221;default&#8221; bg_image_animation=&#8221;none&#8221; border_type=&#8221;simple&#8221; column_border_width=&#8221;none&#8221; column_border_style=&#8221;solid&#8221;][\/vc_column][\/vc_row][vc_row type=&#8221;in_container&#8221; full_screen_row_position=&#8221;middle&#8221; column_margin=&#8221;default&#8221; column_direction=&#8221;default&#8221; column_direction_tablet=&#8221;default&#8221; column_direction_phone=&#8221;default&#8221; scene_position=&#8221;center&#8221; top_padding=&#8221;40px&#8221; bottom_padding=&#8221;0&#8243; translate_y=&#8221;30px&#8221; text_color=&#8221;dark&#8221; text_align=&#8221;left&#8221; row_border_radius=&#8221;none&#8221; row_border_radius_applies=&#8221;bg&#8221; overflow=&#8221;visible&#8221; overlay_strength=&#8221;0.3&#8243; gradient_direction=&#8221;left_to_right&#8221; shape_divider_position=&#8221;bottom&#8221; bg_image_animation=&#8221;none&#8221; shape_type=&#8221;&#8221;][vc_column column_padding=&#8221;no-extra-padding&#8221; column_padding_tablet=&#8221;inherit&#8221; column_padding_phone=&#8221;inherit&#8221; column_padding_position=&#8221;top-bottom&#8221; column_element_direction_desktop=&#8221;default&#8221; column_element_spacing=&#8221;default&#8221; desktop_text_alignment=&#8221;default&#8221; tablet_text_alignment=&#8221;default&#8221; phone_text_alignment=&#8221;default&#8221; background_color_opacity=&#8221;1&#8243; background_hover_color_opacity=&#8221;1&#8243; column_backdrop_filter=&#8221;none&#8221; column_shadow=&#8221;none&#8221; column_border_radius=&#8221;none&#8221; column_link_target=&#8221;_self&#8221; column_position=&#8221;default&#8221; gradient_direction=&#8221;left_to_right&#8221; overlay_strength=&#8221;0.3&#8243; width=&#8221;1\/1&#8243; tablet_width_inherit=&#8221;default&#8221; animation_type=&#8221;default&#8221; bg_image_animation=&#8221;none&#8221; border_type=&#8221;simple&#8221; column_border_width=&#8221;none&#8221; column_border_style=&#8221;solid&#8221;][vc_raw_html css=&#8221;&#8221;]JTNDaDMlMjBjbGFzcyUzRCUyMnN1YnRpdGxlX19uZXdfX2Rvd24lMjIlM0VJbnN0cnUlQzMlQTclQzMlQjVlcyUyMGRlJTIwVXNvJTNDJTJGaDMlM0UlMEElM0NhJTIwY2xhc3MlM0QlMjJnb19fdG9fX2Rvd25sb2FkX19zZWMlMjIlMjBocmVmJTNEJTIyaHR0cHMlM0ElMkYlMkZkc3NtLWVpZnUuc2FnZW1heC5jb20lMkYlMjIlMjB0YXJnZXQlM0QlMjJfYmxhbmslMjIlMjByZWwlM0QlMjJub29wZW5lciUyMiUzRSUyME1EUiUyMElOU1RSVUNUSU9OUyUyMEZPUiUyMFVTRSUyMCUzQ2JyJTNFJUUyJTgwJTkzJTIwRFNTTSUyMEFHJTNDYnIlM0UlMjAlM0MlMkZhJTNF[\/vc_raw_html][vc_raw_html css=&#8221;&#8221;]PGEgY2xhc3M9ImdvX190b19fZG93bmxvYWRfX3NlYyIgaHJlZj0iaHR0cHM6Ly9zYWdlbWF4LmNvbS9laWZ1IiB0YXJnZXQ9Il9ibGFuayIgcmVsPSJub29wZW5lciI+IE1EUiBJTlNUUlVDVElPTlMgRk9SIFVTRSA8YnI+4oCTIFNhZ2VtYXggQmlvY2VyYW1pY3MgSW5jLjxicj4gPC9hPg==[\/vc_raw_html][vc_raw_html css=&#8221;&#8221;]PGEgY2xhc3M9ImdvX190b19fZG93bmxvYWRfX3NlYyIgaHJlZj0iaHR0cHM6Ly9laWZ1LnNhZ2VtYXguY29tLyIgdGFyZ2V0PSJfYmxhbmsiIHJlbD0ibm9vcGVuZXIiPiBNREQgSU5TVFJVQ1RJT05TIEZPUiBVU0UgPGJyPuKAkyBTYWdlbWF4IEJpb2NlcmFtaWNzIEluYy48YnI+IDwvYT4=[\/vc_raw_html][\/vc_column][\/vc_row]\n","protected":false},"excerpt":{"rendered":"<p>[vc_row type=&#8221;in_container&#8221; full_screen_row_position=&#8221;middle&#8221; column_margin=&#8221;default&#8221; column_direction=&#8221;default&#8221; column_direction_tablet=&#8221;default&#8221; column_direction_phone=&#8221;default&#8221; scene_position=&#8221;center&#8221; top_padding=&#8221;70&#8243; text_color=&#8221;dark&#8221; text_align=&#8221;left&#8221; row_border_radius=&#8221;none&#8221; row_border_radius_applies=&#8221;bg&#8221; overflow=&#8221;visible&#8221; overlay_strength=&#8221;0.3&#8243; gradient_direction=&#8221;left_to_right&#8221; shape_divider_position=&#8221;bottom&#8221; bg_image_animation=&#8221;none&#8221; shape_type=&#8221;&#8221;][vc_column column_padding=&#8221;no-extra-padding&#8221; column_padding_tablet=&#8221;inherit&#8221; column_padding_phone=&#8221;inherit&#8221; column_padding_position=&#8221;all&#8221; column_element_direction_desktop=&#8221;default&#8221; column_element_spacing=&#8221;default&#8221; desktop_text_alignment=&#8221;default&#8221; tablet_text_alignment=&#8221;default&#8221; phone_text_alignment=&#8221;default&#8221; background_color_opacity=&#8221;1&#8243; background_hover_color_opacity=&#8221;1&#8243;&#8230;<\/p>\n","protected":false},"author":1,"featured_media":0,"parent":0,"menu_order":0,"comment_status":"closed","ping_status":"closed","template":"","meta":{"_acf_changed":false,"footnotes":""},"class_list":["post-675059","page","type-page","status-publish"],"acf":[],"yoast_head":"<!-- This site is optimized with the Yoast SEO Premium plugin v27.3 (Yoast SEO v27.3) - https:\/\/yoast.com\/product\/yoast-seo-premium-wordpress\/ -->\n<title>Downloads - Sagemax<\/title>\n<meta name=\"description\" content=\"Download Sagemax Brochures, Technical Information, Safety Data Sheets, Certifciates, Product Flyer and an Overview of the Sagemax NexxZr Zirconia Portfolio\" \/>\n<meta name=\"robots\" content=\"index, follow, max-snippet:-1, max-image-preview:large, max-video-preview:-1\" \/>\n<link rel=\"canonical\" href=\"https:\/\/sagemax.com\/pt-pt\/downloads\/\" \/>\n<meta property=\"og:locale\" content=\"pt_PT\" \/>\n<meta property=\"og:type\" content=\"article\" \/>\n<meta property=\"og:title\" content=\"Downloads\" \/>\n<meta property=\"og:description\" content=\"Download Sagemax Brochures, Technical Information, Safety Data Sheets, Certifciates, Product Flyer and an Overview of the Sagemax NexxZr Zirconia Portfolio\" \/>\n<meta property=\"og:url\" content=\"https:\/\/sagemax.com\/pt-pt\/downloads\/\" \/>\n<meta property=\"og:site_name\" content=\"Sagemax\u00ae\" \/>\n<meta property=\"article:publisher\" content=\"https:\/\/www.facebook.com\/sagemax.official\" \/>\n<meta property=\"article:modified_time\" content=\"2025-07-29T12:03:59+00:00\" \/>\n<meta name=\"twitter:card\" content=\"summary_large_image\" \/>\n<meta name=\"twitter:label1\" content=\"Tempo estimado de leitura\" \/>\n\t<meta name=\"twitter:data1\" content=\"1 minuto\" \/>\n<script type=\"application\/ld+json\" class=\"yoast-schema-graph\">{\"@context\":\"https:\\\/\\\/schema.org\",\"@graph\":[{\"@type\":\"WebPage\",\"@id\":\"https:\\\/\\\/sagemax.com\\\/pt-pt\\\/downloads\\\/\",\"url\":\"https:\\\/\\\/sagemax.com\\\/pt-pt\\\/downloads\\\/\",\"name\":\"Downloads - Sagemax\",\"isPartOf\":{\"@id\":\"https:\\\/\\\/sagemax.com\\\/pt-pt\\\/#website\"},\"datePublished\":\"2022-05-10T13:54:52+00:00\",\"dateModified\":\"2025-07-29T12:03:59+00:00\",\"description\":\"Download Sagemax Brochures, Technical Information, Safety Data Sheets, Certifciates, Product Flyer and an Overview of the Sagemax NexxZr Zirconia Portfolio\",\"breadcrumb\":{\"@id\":\"https:\\\/\\\/sagemax.com\\\/pt-pt\\\/downloads\\\/#breadcrumb\"},\"inLanguage\":\"pt-PT\",\"potentialAction\":[{\"@type\":\"ReadAction\",\"target\":[\"https:\\\/\\\/sagemax.com\\\/pt-pt\\\/downloads\\\/\"]}]},{\"@type\":\"BreadcrumbList\",\"@id\":\"https:\\\/\\\/sagemax.com\\\/pt-pt\\\/downloads\\\/#breadcrumb\",\"itemListElement\":[{\"@type\":\"ListItem\",\"position\":1,\"name\":\"Home\",\"item\":\"https:\\\/\\\/sagemax.com\\\/pt-pt\\\/home-page\\\/\"},{\"@type\":\"ListItem\",\"position\":2,\"name\":\"Downloads\"}]},{\"@type\":\"WebSite\",\"@id\":\"https:\\\/\\\/sagemax.com\\\/pt-pt\\\/#website\",\"url\":\"https:\\\/\\\/sagemax.com\\\/pt-pt\\\/\",\"name\":\"Sagemax\u00ae\",\"description\":\"Dental esthetics with zirconium\",\"potentialAction\":[{\"@type\":\"SearchAction\",\"target\":{\"@type\":\"EntryPoint\",\"urlTemplate\":\"https:\\\/\\\/sagemax.com\\\/pt-pt\\\/?s={search_term_string}\"},\"query-input\":{\"@type\":\"PropertyValueSpecification\",\"valueRequired\":true,\"valueName\":\"search_term_string\"}}],\"inLanguage\":\"pt-PT\"}]}<\/script>\n<!-- \/ Yoast SEO Premium plugin. -->","yoast_head_json":{"title":"Downloads - Sagemax","description":"Download Sagemax Brochures, Technical Information, Safety Data Sheets, Certifciates, Product Flyer and an Overview of the Sagemax NexxZr Zirconia Portfolio","robots":{"index":"index","follow":"follow","max-snippet":"max-snippet:-1","max-image-preview":"max-image-preview:large","max-video-preview":"max-video-preview:-1"},"canonical":"https:\/\/sagemax.com\/pt-pt\/downloads\/","og_locale":"pt_PT","og_type":"article","og_title":"Downloads","og_description":"Download Sagemax Brochures, Technical Information, Safety Data Sheets, Certifciates, Product Flyer and an Overview of the Sagemax NexxZr Zirconia Portfolio","og_url":"https:\/\/sagemax.com\/pt-pt\/downloads\/","og_site_name":"Sagemax\u00ae","article_publisher":"https:\/\/www.facebook.com\/sagemax.official","article_modified_time":"2025-07-29T12:03:59+00:00","twitter_card":"summary_large_image","twitter_misc":{"Tempo estimado de leitura":"1 minuto"},"schema":{"@context":"https:\/\/schema.org","@graph":[{"@type":"WebPage","@id":"https:\/\/sagemax.com\/pt-pt\/downloads\/","url":"https:\/\/sagemax.com\/pt-pt\/downloads\/","name":"Downloads - Sagemax","isPartOf":{"@id":"https:\/\/sagemax.com\/pt-pt\/#website"},"datePublished":"2022-05-10T13:54:52+00:00","dateModified":"2025-07-29T12:03:59+00:00","description":"Download Sagemax Brochures, Technical Information, Safety Data Sheets, Certifciates, Product Flyer and an Overview of the Sagemax NexxZr Zirconia Portfolio","breadcrumb":{"@id":"https:\/\/sagemax.com\/pt-pt\/downloads\/#breadcrumb"},"inLanguage":"pt-PT","potentialAction":[{"@type":"ReadAction","target":["https:\/\/sagemax.com\/pt-pt\/downloads\/"]}]},{"@type":"BreadcrumbList","@id":"https:\/\/sagemax.com\/pt-pt\/downloads\/#breadcrumb","itemListElement":[{"@type":"ListItem","position":1,"name":"Home","item":"https:\/\/sagemax.com\/pt-pt\/home-page\/"},{"@type":"ListItem","position":2,"name":"Downloads"}]},{"@type":"WebSite","@id":"https:\/\/sagemax.com\/pt-pt\/#website","url":"https:\/\/sagemax.com\/pt-pt\/","name":"Sagemax\u00ae","description":"Dental esthetics with zirconium","potentialAction":[{"@type":"SearchAction","target":{"@type":"EntryPoint","urlTemplate":"https:\/\/sagemax.com\/pt-pt\/?s={search_term_string}"},"query-input":{"@type":"PropertyValueSpecification","valueRequired":true,"valueName":"search_term_string"}}],"inLanguage":"pt-PT"}]}},"_links":{"self":[{"href":"https:\/\/sagemax.com\/pt-pt\/wp-json\/wp\/v2\/pages\/675059","targetHints":{"allow":["GET"]}}],"collection":[{"href":"https:\/\/sagemax.com\/pt-pt\/wp-json\/wp\/v2\/pages"}],"about":[{"href":"https:\/\/sagemax.com\/pt-pt\/wp-json\/wp\/v2\/types\/page"}],"author":[{"embeddable":true,"href":"https:\/\/sagemax.com\/pt-pt\/wp-json\/wp\/v2\/users\/1"}],"replies":[{"embeddable":true,"href":"https:\/\/sagemax.com\/pt-pt\/wp-json\/wp\/v2\/comments?post=675059"}],"version-history":[{"count":24,"href":"https:\/\/sagemax.com\/pt-pt\/wp-json\/wp\/v2\/pages\/675059\/revisions"}],"predecessor-version":[{"id":708139,"href":"https:\/\/sagemax.com\/pt-pt\/wp-json\/wp\/v2\/pages\/675059\/revisions\/708139"}],"wp:attachment":[{"href":"https:\/\/sagemax.com\/pt-pt\/wp-json\/wp\/v2\/media?parent=675059"}],"curies":[{"name":"wp","href":"https:\/\/api.w.org\/{rel}","templated":true}]}}