{"id":691677,"date":"2023-02-15T11:03:42","date_gmt":"2023-02-15T10:03:42","guid":{"rendered":"https:\/\/sagemax.com\/product\/pressceramic\/"},"modified":"2025-06-17T14:15:46","modified_gmt":"2025-06-17T12:15:46","slug":"pressceramic","status":"publish","type":"product","link":"https:\/\/sagemax.com\/de\/produkt\/pressceramic\/","title":{"rendered":"PressCeramic"},"content":{"rendered":"","protected":false},"excerpt":{"rendered":"<p>PressCeramic sind Lithium-Disilikat-Glaskeramik-Pellets zur Herstellung hoch\u00e4sthetischer, vollkeramischer Restaurationen \u00fcber die traditionelle Presstechnik. Die hohe Biegefestigkeit (470 MPa, typischer Mittelwert) erm\u00f6glicht ein breites Indikationsspektrum und bietet Sicherheit f\u00fcr dreigliedrige Br\u00fccken bis zum zweiten Pr\u00e4molaren.<\/p>\n","protected":false},"featured_media":17499,"template":"","meta":{"_acf_changed":false,"wds_primary_product_brand":0,"wds_primary_product_cat":0},"product_brand":[],"product_cat":[483],"product_tag":[],"class_list":{"0":"post-691677","1":"product","2":"type-product","3":"status-publish","4":"has-post-thumbnail","6":"product_cat-pressceramic","8":"first","9":"instock","10":"purchasable","11":"product-type-variable"},"acf":[],"yoast_head":"<!-- This site is optimized with the Yoast SEO Premium plugin v27.3 (Yoast SEO v27.3) - https:\/\/yoast.com\/product\/yoast-seo-premium-wordpress\/ -->\n<title>PressCeramic - Sagemax\u00ae<\/title>\n<meta name=\"description\" content=\"PressCeramic sind Lithium-Disilikat-Glaskeramik-Pellets zur Herstellung hoch\u00e4sthetischer, vollkeramischer Restaurationen \u00fcber die traditionelle Presstechnik. Breites Indikationsspektrum und Sicherheit f\u00fcr dreigliedrige Br\u00fccken bis zum zweiten Pr\u00e4molaren.\" \/>\n<meta name=\"robots\" content=\"index, follow, max-snippet:-1, max-image-preview:large, max-video-preview:-1\" \/>\n<link rel=\"canonical\" href=\"https:\/\/sagemax.com\/de\/produkt\/pressceramic\/\" \/>\n<meta property=\"og:locale\" content=\"de_DE\" \/>\n<meta property=\"og:type\" content=\"article\" \/>\n<meta property=\"og:title\" content=\"PressCeramic\" \/>\n<meta property=\"og:description\" content=\"PressCeramic sind Lithium-Disilikat-Glaskeramik-Pellets zur Herstellung hoch\u00e4sthetischer, vollkeramischer Restaurationen \u00fcber die traditionelle Presstechnik. Breites Indikationsspektrum und Sicherheit f\u00fcr dreigliedrige Br\u00fccken bis zum zweiten Pr\u00e4molaren.\" \/>\n<meta property=\"og:url\" content=\"https:\/\/sagemax.com\/de\/produkt\/pressceramic\/\" \/>\n<meta property=\"og:site_name\" content=\"Sagemax\u00ae\" \/>\n<meta property=\"article:publisher\" content=\"https:\/\/www.facebook.com\/sagemax.official\" \/>\n<meta property=\"article:modified_time\" content=\"2025-06-17T12:15:46+00:00\" \/>\n<meta property=\"og:image\" content=\"https:\/\/sagemax.com\/wp-content\/uploads\/2022\/01\/PressCeramic_HT_open_white_blanc.png\" \/>\n\t<meta property=\"og:image:width\" content=\"1000\" \/>\n\t<meta property=\"og:image:height\" content=\"1000\" \/>\n\t<meta property=\"og:image:type\" content=\"image\/png\" \/>\n<meta name=\"twitter:card\" content=\"summary_large_image\" \/>\n<meta name=\"twitter:label1\" content=\"Gesch\u00e4tzte Lesezeit\" \/>\n\t<meta name=\"twitter:data1\" content=\"1\u00a0Minute\" \/>\n<script type=\"application\/ld+json\" class=\"yoast-schema-graph\">{\"@context\":\"https:\\\/\\\/schema.org\",\"@graph\":[{\"@type\":\"WebPage\",\"@id\":\"https:\\\/\\\/sagemax.com\\\/de\\\/produkt\\\/pressceramic\\\/\",\"url\":\"https:\\\/\\\/sagemax.com\\\/de\\\/produkt\\\/pressceramic\\\/\",\"name\":\"PressCeramic - Sagemax\u00ae\",\"isPartOf\":{\"@id\":\"https:\\\/\\\/sagemax.com\\\/de\\\/#website\"},\"primaryImageOfPage\":{\"@id\":\"https:\\\/\\\/sagemax.com\\\/de\\\/produkt\\\/pressceramic\\\/#primaryimage\"},\"image\":{\"@id\":\"https:\\\/\\\/sagemax.com\\\/de\\\/produkt\\\/pressceramic\\\/#primaryimage\"},\"thumbnailUrl\":\"https:\\\/\\\/sagemax.com\\\/wp-content\\\/uploads\\\/2022\\\/01\\\/PressCeramic_HT_open_white_blanc.png\",\"datePublished\":\"2023-02-15T10:03:42+00:00\",\"dateModified\":\"2025-06-17T12:15:46+00:00\",\"description\":\"PressCeramic sind Lithium-Disilikat-Glaskeramik-Pellets zur Herstellung hoch\u00e4sthetischer, vollkeramischer Restaurationen \u00fcber die traditionelle Presstechnik. Breites Indikationsspektrum und Sicherheit f\u00fcr dreigliedrige Br\u00fccken bis zum zweiten Pr\u00e4molaren.\",\"breadcrumb\":{\"@id\":\"https:\\\/\\\/sagemax.com\\\/de\\\/produkt\\\/pressceramic\\\/#breadcrumb\"},\"inLanguage\":\"de\",\"potentialAction\":[{\"@type\":\"ReadAction\",\"target\":[\"https:\\\/\\\/sagemax.com\\\/de\\\/produkt\\\/pressceramic\\\/\"]}]},{\"@type\":\"ImageObject\",\"inLanguage\":\"de\",\"@id\":\"https:\\\/\\\/sagemax.com\\\/de\\\/produkt\\\/pressceramic\\\/#primaryimage\",\"url\":\"https:\\\/\\\/sagemax.com\\\/wp-content\\\/uploads\\\/2022\\\/01\\\/PressCeramic_HT_open_white_blanc.png\",\"contentUrl\":\"https:\\\/\\\/sagemax.com\\\/wp-content\\\/uploads\\\/2022\\\/01\\\/PressCeramic_HT_open_white_blanc.png\",\"width\":1000,\"height\":1000},{\"@type\":\"BreadcrumbList\",\"@id\":\"https:\\\/\\\/sagemax.com\\\/de\\\/produkt\\\/pressceramic\\\/#breadcrumb\",\"itemListElement\":[{\"@type\":\"ListItem\",\"position\":1,\"name\":\"Home\",\"item\":\"https:\\\/\\\/sagemax.com\\\/de\\\/\"},{\"@type\":\"ListItem\",\"position\":2,\"name\":\"Shop\",\"item\":\"https:\\\/\\\/sagemax.com\\\/shop\\\/\"},{\"@type\":\"ListItem\",\"position\":3,\"name\":\"PressCeramic\"}]},{\"@type\":\"WebSite\",\"@id\":\"https:\\\/\\\/sagemax.com\\\/de\\\/#website\",\"url\":\"https:\\\/\\\/sagemax.com\\\/de\\\/\",\"name\":\"Sagemax\u00ae\",\"description\":\"Dental esthetics with zirconium\",\"potentialAction\":[{\"@type\":\"SearchAction\",\"target\":{\"@type\":\"EntryPoint\",\"urlTemplate\":\"https:\\\/\\\/sagemax.com\\\/de\\\/?s={search_term_string}\"},\"query-input\":{\"@type\":\"PropertyValueSpecification\",\"valueRequired\":true,\"valueName\":\"search_term_string\"}}],\"inLanguage\":\"de\"}]}<\/script>\n<!-- \/ Yoast SEO Premium plugin. -->","yoast_head_json":{"title":"PressCeramic - Sagemax\u00ae","description":"PressCeramic sind Lithium-Disilikat-Glaskeramik-Pellets zur Herstellung hoch\u00e4sthetischer, vollkeramischer Restaurationen \u00fcber die traditionelle Presstechnik. Breites Indikationsspektrum und Sicherheit f\u00fcr dreigliedrige Br\u00fccken bis zum zweiten Pr\u00e4molaren.","robots":{"index":"index","follow":"follow","max-snippet":"max-snippet:-1","max-image-preview":"max-image-preview:large","max-video-preview":"max-video-preview:-1"},"canonical":"https:\/\/sagemax.com\/de\/produkt\/pressceramic\/","og_locale":"de_DE","og_type":"article","og_title":"PressCeramic","og_description":"PressCeramic sind Lithium-Disilikat-Glaskeramik-Pellets zur Herstellung hoch\u00e4sthetischer, vollkeramischer Restaurationen \u00fcber die traditionelle Presstechnik. Breites Indikationsspektrum und Sicherheit f\u00fcr dreigliedrige Br\u00fccken bis zum zweiten Pr\u00e4molaren.","og_url":"https:\/\/sagemax.com\/de\/produkt\/pressceramic\/","og_site_name":"Sagemax\u00ae","article_publisher":"https:\/\/www.facebook.com\/sagemax.official","article_modified_time":"2025-06-17T12:15:46+00:00","og_image":[{"width":1000,"height":1000,"url":"https:\/\/sagemax.com\/wp-content\/uploads\/2022\/01\/PressCeramic_HT_open_white_blanc.png","type":"image\/png"}],"twitter_card":"summary_large_image","twitter_misc":{"Gesch\u00e4tzte Lesezeit":"1\u00a0Minute"},"schema":{"@context":"https:\/\/schema.org","@graph":[{"@type":"WebPage","@id":"https:\/\/sagemax.com\/de\/produkt\/pressceramic\/","url":"https:\/\/sagemax.com\/de\/produkt\/pressceramic\/","name":"PressCeramic - Sagemax\u00ae","isPartOf":{"@id":"https:\/\/sagemax.com\/de\/#website"},"primaryImageOfPage":{"@id":"https:\/\/sagemax.com\/de\/produkt\/pressceramic\/#primaryimage"},"image":{"@id":"https:\/\/sagemax.com\/de\/produkt\/pressceramic\/#primaryimage"},"thumbnailUrl":"https:\/\/sagemax.com\/wp-content\/uploads\/2022\/01\/PressCeramic_HT_open_white_blanc.png","datePublished":"2023-02-15T10:03:42+00:00","dateModified":"2025-06-17T12:15:46+00:00","description":"PressCeramic sind Lithium-Disilikat-Glaskeramik-Pellets zur Herstellung hoch\u00e4sthetischer, vollkeramischer Restaurationen \u00fcber die traditionelle Presstechnik. Breites Indikationsspektrum und Sicherheit f\u00fcr dreigliedrige Br\u00fccken bis zum zweiten Pr\u00e4molaren.","breadcrumb":{"@id":"https:\/\/sagemax.com\/de\/produkt\/pressceramic\/#breadcrumb"},"inLanguage":"de","potentialAction":[{"@type":"ReadAction","target":["https:\/\/sagemax.com\/de\/produkt\/pressceramic\/"]}]},{"@type":"ImageObject","inLanguage":"de","@id":"https:\/\/sagemax.com\/de\/produkt\/pressceramic\/#primaryimage","url":"https:\/\/sagemax.com\/wp-content\/uploads\/2022\/01\/PressCeramic_HT_open_white_blanc.png","contentUrl":"https:\/\/sagemax.com\/wp-content\/uploads\/2022\/01\/PressCeramic_HT_open_white_blanc.png","width":1000,"height":1000},{"@type":"BreadcrumbList","@id":"https:\/\/sagemax.com\/de\/produkt\/pressceramic\/#breadcrumb","itemListElement":[{"@type":"ListItem","position":1,"name":"Home","item":"https:\/\/sagemax.com\/de\/"},{"@type":"ListItem","position":2,"name":"Shop","item":"https:\/\/sagemax.com\/shop\/"},{"@type":"ListItem","position":3,"name":"PressCeramic"}]},{"@type":"WebSite","@id":"https:\/\/sagemax.com\/de\/#website","url":"https:\/\/sagemax.com\/de\/","name":"Sagemax\u00ae","description":"Dental esthetics with zirconium","potentialAction":[{"@type":"SearchAction","target":{"@type":"EntryPoint","urlTemplate":"https:\/\/sagemax.com\/de\/?s={search_term_string}"},"query-input":{"@type":"PropertyValueSpecification","valueRequired":true,"valueName":"search_term_string"}}],"inLanguage":"de"}]}},"_links":{"self":[{"href":"https:\/\/sagemax.com\/de\/wp-json\/wp\/v2\/product\/691677","targetHints":{"allow":["GET"]}}],"collection":[{"href":"https:\/\/sagemax.com\/de\/wp-json\/wp\/v2\/product"}],"about":[{"href":"https:\/\/sagemax.com\/de\/wp-json\/wp\/v2\/types\/product"}],"wp:featuredmedia":[{"embeddable":true,"href":"https:\/\/sagemax.com\/de\/wp-json\/wp\/v2\/media\/17499"}],"wp:attachment":[{"href":"https:\/\/sagemax.com\/de\/wp-json\/wp\/v2\/media?parent=691677"}],"wp:term":[{"taxonomy":"product_brand","embeddable":true,"href":"https:\/\/sagemax.com\/de\/wp-json\/wp\/v2\/product_brand?post=691677"},{"taxonomy":"product_cat","embeddable":true,"href":"https:\/\/sagemax.com\/de\/wp-json\/wp\/v2\/product_cat?post=691677"},{"taxonomy":"product_tag","embeddable":true,"href":"https:\/\/sagemax.com\/de\/wp-json\/wp\/v2\/product_tag?post=691677"}],"curies":[{"name":"wp","href":"https:\/\/api.w.org\/{rel}","templated":true}]}}