{"id":683559,"date":"2020-03-09T17:18:20","date_gmt":"2020-03-09T16:18:20","guid":{"rendered":"https:\/\/sagemax.com\/product\/nexxzr-tools-fur-roland\/"},"modified":"2025-06-17T15:41:39","modified_gmt":"2025-06-17T13:41:39","slug":"nexxzr-tools-fur-roland","status":"publish","type":"product","link":"https:\/\/sagemax.com\/de\/produkt\/nexxzr-tools-fur-roland\/","title":{"rendered":"NexxZr Tools f\u00fcr Roland"},"content":{"rendered":"","protected":false},"excerpt":{"rendered":"<p>NexxZr Tool D \u2013 dentale Hochleistungs-Fr\u00e4ser aus Premium-Hartmetall mit ultraharter, nanokristalliner Diamantbeschichtung.<\/p>\n<p>NexxZr Tool U \u2013 dentale Hochleistungs-Fr\u00e4ser aus Premium-Hartmetall mit ultrascharfer Schneidkante.<\/p>\n","protected":false},"featured_media":675682,"template":"","meta":{"_acf_changed":false,"wds_primary_product_brand":0,"wds_primary_product_cat":0},"product_brand":[],"product_cat":[589,575],"product_tag":[],"class_list":{"0":"post-683559","1":"product","2":"type-product","3":"status-publish","4":"has-post-thumbnail","6":"product_cat-for-roland","7":"product_cat-milling-tools","9":"first","10":"instock","11":"purchasable","12":"product-type-variable","13":"has-default-attributes"},"acf":[],"yoast_head":"<!-- This site is optimized with the Yoast SEO Premium plugin v27.3 (Yoast SEO v27.3) - https:\/\/yoast.com\/product\/yoast-seo-premium-wordpress\/ -->\n<title>NexxZr Tools f\u00fcr Roland - Sagemax\u00ae<\/title>\n<meta name=\"description\" content=\"Dentale Hochleistungs-Fr\u00e4ser aus Premium-Hartmetall f\u00fcr 6 unterschiedliche CAD\/CAM Maschinen. W\u00e4hlen Sie D f\u00fcr Diamantbeschichtung oder U f\u00fcr unbeschichtet.\" \/>\n<meta name=\"robots\" content=\"index, follow, max-snippet:-1, max-image-preview:large, max-video-preview:-1\" \/>\n<link rel=\"canonical\" href=\"https:\/\/sagemax.com\/de\/produkt\/nexxzr-tools-fur-roland\/\" \/>\n<meta property=\"og:locale\" content=\"de_DE\" \/>\n<meta property=\"og:type\" content=\"article\" \/>\n<meta property=\"og:title\" content=\"NexxZr Tools f\u00fcr Roland\" \/>\n<meta property=\"og:description\" content=\"Dentale Hochleistungs-Fr\u00e4ser aus Premium-Hartmetall f\u00fcr 6 unterschiedliche CAD\/CAM Maschinen. W\u00e4hlen Sie D f\u00fcr Diamantbeschichtung oder U f\u00fcr unbeschichtet.\" \/>\n<meta property=\"og:url\" content=\"https:\/\/sagemax.com\/de\/produkt\/nexxzr-tools-fur-roland\/\" \/>\n<meta property=\"og:site_name\" content=\"Sagemax\u00ae\" \/>\n<meta property=\"article:publisher\" content=\"https:\/\/www.facebook.com\/sagemax.official\" \/>\n<meta property=\"article:modified_time\" content=\"2025-06-17T13:41:39+00:00\" \/>\n<meta property=\"og:image\" content=\"https:\/\/sagemax.com\/wp-content\/uploads\/2020\/03\/sagemax-nexxzr-tool-roland-4-05-u_0030-scaled.jpg\" \/>\n\t<meta property=\"og:image:width\" content=\"1080\" \/>\n\t<meta property=\"og:image:height\" content=\"1080\" \/>\n\t<meta property=\"og:image:type\" content=\"image\/jpeg\" \/>\n<meta name=\"twitter:card\" content=\"summary_large_image\" \/>\n<meta name=\"twitter:label1\" content=\"Gesch\u00e4tzte Lesezeit\" \/>\n\t<meta name=\"twitter:data1\" content=\"1\u00a0Minute\" \/>\n<script type=\"application\/ld+json\" class=\"yoast-schema-graph\">{\"@context\":\"https:\\\/\\\/schema.org\",\"@graph\":[{\"@type\":\"WebPage\",\"@id\":\"https:\\\/\\\/sagemax.com\\\/de\\\/produkt\\\/nexxzr-tools-fur-roland\\\/\",\"url\":\"https:\\\/\\\/sagemax.com\\\/de\\\/produkt\\\/nexxzr-tools-fur-roland\\\/\",\"name\":\"NexxZr Tools f\u00fcr Roland - Sagemax\u00ae\",\"isPartOf\":{\"@id\":\"https:\\\/\\\/sagemax.com\\\/de\\\/#website\"},\"primaryImageOfPage\":{\"@id\":\"https:\\\/\\\/sagemax.com\\\/de\\\/produkt\\\/nexxzr-tools-fur-roland\\\/#primaryimage\"},\"image\":{\"@id\":\"https:\\\/\\\/sagemax.com\\\/de\\\/produkt\\\/nexxzr-tools-fur-roland\\\/#primaryimage\"},\"thumbnailUrl\":\"https:\\\/\\\/sagemax.com\\\/wp-content\\\/uploads\\\/2020\\\/03\\\/sagemax-nexxzr-tool-roland-4-05-u_0030-scaled.jpg\",\"datePublished\":\"2020-03-09T16:18:20+00:00\",\"dateModified\":\"2025-06-17T13:41:39+00:00\",\"description\":\"Dentale Hochleistungs-Fr\u00e4ser aus Premium-Hartmetall f\u00fcr 6 unterschiedliche CAD\\\/CAM Maschinen. W\u00e4hlen Sie D f\u00fcr Diamantbeschichtung oder U f\u00fcr unbeschichtet.\",\"breadcrumb\":{\"@id\":\"https:\\\/\\\/sagemax.com\\\/de\\\/produkt\\\/nexxzr-tools-fur-roland\\\/#breadcrumb\"},\"inLanguage\":\"de\",\"potentialAction\":[{\"@type\":\"ReadAction\",\"target\":[\"https:\\\/\\\/sagemax.com\\\/de\\\/produkt\\\/nexxzr-tools-fur-roland\\\/\"]}]},{\"@type\":\"ImageObject\",\"inLanguage\":\"de\",\"@id\":\"https:\\\/\\\/sagemax.com\\\/de\\\/produkt\\\/nexxzr-tools-fur-roland\\\/#primaryimage\",\"url\":\"https:\\\/\\\/sagemax.com\\\/wp-content\\\/uploads\\\/2020\\\/03\\\/sagemax-nexxzr-tool-roland-4-05-u_0030-scaled.jpg\",\"contentUrl\":\"https:\\\/\\\/sagemax.com\\\/wp-content\\\/uploads\\\/2020\\\/03\\\/sagemax-nexxzr-tool-roland-4-05-u_0030-scaled.jpg\",\"width\":1080,\"height\":1080},{\"@type\":\"BreadcrumbList\",\"@id\":\"https:\\\/\\\/sagemax.com\\\/de\\\/produkt\\\/nexxzr-tools-fur-roland\\\/#breadcrumb\",\"itemListElement\":[{\"@type\":\"ListItem\",\"position\":1,\"name\":\"Home\",\"item\":\"https:\\\/\\\/sagemax.com\\\/de\\\/\"},{\"@type\":\"ListItem\",\"position\":2,\"name\":\"Shop\",\"item\":\"https:\\\/\\\/sagemax.com\\\/shop\\\/\"},{\"@type\":\"ListItem\",\"position\":3,\"name\":\"NexxZr Tools f\u00fcr Roland\"}]},{\"@type\":\"WebSite\",\"@id\":\"https:\\\/\\\/sagemax.com\\\/de\\\/#website\",\"url\":\"https:\\\/\\\/sagemax.com\\\/de\\\/\",\"name\":\"Sagemax\u00ae\",\"description\":\"Dental esthetics with zirconium\",\"potentialAction\":[{\"@type\":\"SearchAction\",\"target\":{\"@type\":\"EntryPoint\",\"urlTemplate\":\"https:\\\/\\\/sagemax.com\\\/de\\\/?s={search_term_string}\"},\"query-input\":{\"@type\":\"PropertyValueSpecification\",\"valueRequired\":true,\"valueName\":\"search_term_string\"}}],\"inLanguage\":\"de\"}]}<\/script>\n<!-- \/ Yoast SEO Premium plugin. -->","yoast_head_json":{"title":"NexxZr Tools f\u00fcr Roland - Sagemax\u00ae","description":"Dentale Hochleistungs-Fr\u00e4ser aus Premium-Hartmetall f\u00fcr 6 unterschiedliche CAD\/CAM Maschinen. W\u00e4hlen Sie D f\u00fcr Diamantbeschichtung oder U f\u00fcr unbeschichtet.","robots":{"index":"index","follow":"follow","max-snippet":"max-snippet:-1","max-image-preview":"max-image-preview:large","max-video-preview":"max-video-preview:-1"},"canonical":"https:\/\/sagemax.com\/de\/produkt\/nexxzr-tools-fur-roland\/","og_locale":"de_DE","og_type":"article","og_title":"NexxZr Tools f\u00fcr Roland","og_description":"Dentale Hochleistungs-Fr\u00e4ser aus Premium-Hartmetall f\u00fcr 6 unterschiedliche CAD\/CAM Maschinen. W\u00e4hlen Sie D f\u00fcr Diamantbeschichtung oder U f\u00fcr unbeschichtet.","og_url":"https:\/\/sagemax.com\/de\/produkt\/nexxzr-tools-fur-roland\/","og_site_name":"Sagemax\u00ae","article_publisher":"https:\/\/www.facebook.com\/sagemax.official","article_modified_time":"2025-06-17T13:41:39+00:00","og_image":[{"width":1080,"height":1080,"url":"https:\/\/sagemax.com\/wp-content\/uploads\/2020\/03\/sagemax-nexxzr-tool-roland-4-05-u_0030-scaled.jpg","type":"image\/jpeg"}],"twitter_card":"summary_large_image","twitter_misc":{"Gesch\u00e4tzte Lesezeit":"1\u00a0Minute"},"schema":{"@context":"https:\/\/schema.org","@graph":[{"@type":"WebPage","@id":"https:\/\/sagemax.com\/de\/produkt\/nexxzr-tools-fur-roland\/","url":"https:\/\/sagemax.com\/de\/produkt\/nexxzr-tools-fur-roland\/","name":"NexxZr Tools f\u00fcr Roland - Sagemax\u00ae","isPartOf":{"@id":"https:\/\/sagemax.com\/de\/#website"},"primaryImageOfPage":{"@id":"https:\/\/sagemax.com\/de\/produkt\/nexxzr-tools-fur-roland\/#primaryimage"},"image":{"@id":"https:\/\/sagemax.com\/de\/produkt\/nexxzr-tools-fur-roland\/#primaryimage"},"thumbnailUrl":"https:\/\/sagemax.com\/wp-content\/uploads\/2020\/03\/sagemax-nexxzr-tool-roland-4-05-u_0030-scaled.jpg","datePublished":"2020-03-09T16:18:20+00:00","dateModified":"2025-06-17T13:41:39+00:00","description":"Dentale Hochleistungs-Fr\u00e4ser aus Premium-Hartmetall f\u00fcr 6 unterschiedliche CAD\/CAM Maschinen. W\u00e4hlen Sie D f\u00fcr Diamantbeschichtung oder U f\u00fcr unbeschichtet.","breadcrumb":{"@id":"https:\/\/sagemax.com\/de\/produkt\/nexxzr-tools-fur-roland\/#breadcrumb"},"inLanguage":"de","potentialAction":[{"@type":"ReadAction","target":["https:\/\/sagemax.com\/de\/produkt\/nexxzr-tools-fur-roland\/"]}]},{"@type":"ImageObject","inLanguage":"de","@id":"https:\/\/sagemax.com\/de\/produkt\/nexxzr-tools-fur-roland\/#primaryimage","url":"https:\/\/sagemax.com\/wp-content\/uploads\/2020\/03\/sagemax-nexxzr-tool-roland-4-05-u_0030-scaled.jpg","contentUrl":"https:\/\/sagemax.com\/wp-content\/uploads\/2020\/03\/sagemax-nexxzr-tool-roland-4-05-u_0030-scaled.jpg","width":1080,"height":1080},{"@type":"BreadcrumbList","@id":"https:\/\/sagemax.com\/de\/produkt\/nexxzr-tools-fur-roland\/#breadcrumb","itemListElement":[{"@type":"ListItem","position":1,"name":"Home","item":"https:\/\/sagemax.com\/de\/"},{"@type":"ListItem","position":2,"name":"Shop","item":"https:\/\/sagemax.com\/shop\/"},{"@type":"ListItem","position":3,"name":"NexxZr Tools f\u00fcr Roland"}]},{"@type":"WebSite","@id":"https:\/\/sagemax.com\/de\/#website","url":"https:\/\/sagemax.com\/de\/","name":"Sagemax\u00ae","description":"Dental esthetics with zirconium","potentialAction":[{"@type":"SearchAction","target":{"@type":"EntryPoint","urlTemplate":"https:\/\/sagemax.com\/de\/?s={search_term_string}"},"query-input":{"@type":"PropertyValueSpecification","valueRequired":true,"valueName":"search_term_string"}}],"inLanguage":"de"}]}},"_links":{"self":[{"href":"https:\/\/sagemax.com\/de\/wp-json\/wp\/v2\/product\/683559","targetHints":{"allow":["GET"]}}],"collection":[{"href":"https:\/\/sagemax.com\/de\/wp-json\/wp\/v2\/product"}],"about":[{"href":"https:\/\/sagemax.com\/de\/wp-json\/wp\/v2\/types\/product"}],"wp:featuredmedia":[{"embeddable":true,"href":"https:\/\/sagemax.com\/de\/wp-json\/wp\/v2\/media\/675682"}],"wp:attachment":[{"href":"https:\/\/sagemax.com\/de\/wp-json\/wp\/v2\/media?parent=683559"}],"wp:term":[{"taxonomy":"product_brand","embeddable":true,"href":"https:\/\/sagemax.com\/de\/wp-json\/wp\/v2\/product_brand?post=683559"},{"taxonomy":"product_cat","embeddable":true,"href":"https:\/\/sagemax.com\/de\/wp-json\/wp\/v2\/product_cat?post=683559"},{"taxonomy":"product_tag","embeddable":true,"href":"https:\/\/sagemax.com\/de\/wp-json\/wp\/v2\/product_tag?post=683559"}],"curies":[{"name":"wp","href":"https:\/\/api.w.org\/{rel}","templated":true}]}}