{"id":675035,"date":"2022-05-10T14:37:32","date_gmt":"2022-05-10T12:37:32","guid":{"rendered":"https:\/\/sagemax.com\/downloads\/"},"modified":"2025-07-29T14:00:58","modified_gmt":"2025-07-29T12:00:58","slug":"downloads","status":"publish","type":"page","link":"https:\/\/sagemax.com\/de\/downloads\/","title":{"rendered":"Downloads"},"content":{"rendered":"[vc_row type=&#8220;in_container&#8220; full_screen_row_position=&#8220;middle&#8220; column_margin=&#8220;default&#8220; column_direction=&#8220;default&#8220; column_direction_tablet=&#8220;default&#8220; column_direction_phone=&#8220;default&#8220; scene_position=&#8220;center&#8220; top_padding=&#8220;70&#8243; text_color=&#8220;dark&#8220; text_align=&#8220;left&#8220; row_border_radius=&#8220;none&#8220; row_border_radius_applies=&#8220;bg&#8220; overflow=&#8220;visible&#8220; overlay_strength=&#8220;0.3&#8243; gradient_direction=&#8220;left_to_right&#8220; shape_divider_position=&#8220;bottom&#8220; bg_image_animation=&#8220;none&#8220; shape_type=&#8220;&#8220;][vc_column column_padding=&#8220;no-extra-padding&#8220; column_padding_tablet=&#8220;inherit&#8220; column_padding_phone=&#8220;inherit&#8220; column_padding_position=&#8220;all&#8220; column_element_direction_desktop=&#8220;default&#8220; column_element_spacing=&#8220;default&#8220; desktop_text_alignment=&#8220;default&#8220; tablet_text_alignment=&#8220;default&#8220; phone_text_alignment=&#8220;default&#8220; background_color_opacity=&#8220;1&#8243; background_hover_color_opacity=&#8220;1&#8243; column_backdrop_filter=&#8220;none&#8220; column_shadow=&#8220;none&#8220; column_border_radius=&#8220;none&#8220; column_link_target=&#8220;_self&#8220; column_position=&#8220;default&#8220; gradient_direction=&#8220;left_to_right&#8220; overlay_strength=&#8220;0.3&#8243; width=&#8220;1\/2&#8243; tablet_width_inherit=&#8220;default&#8220; animation_type=&#8220;default&#8220; bg_image_animation=&#8220;none&#8220; border_type=&#8220;simple&#8220; column_border_width=&#8220;none&#8220; column_border_style=&#8220;solid&#8220;][vc_column_text el_class=&#8220;product__det__sub__underline&#8220;]Downloads Bereich[\/vc_column_text][vc_column_text el_class=&#8220;product__det__title&#8220;]\n<h3>Willkommen im Sagemax<br \/>\nDownloads-Bereich<\/h3>\n[\/vc_column_text][vc_column_text css=&#8220;&#8220; text_direction=&#8220;default&#8220;]Auf dieser Seite finden Sie alle relevanten Dokumente!<\/p>\n<p>Zum 1. November 2023 hat Sagemax Bioceramics Inc. den autorisierten Vertreter auf dem Unionsmarkt ge\u00e4ndert. Neuer Bevollm\u00e4chtigter ist die DSSM AG (Adresse: Im alten Riet 9, 9494 Schaan, F\u00fcrstentum Liechtenstein, E-Mail: <a href=\"mailto:contact@dssm.group\">contact@dssm.group<\/a>).<\/p>\n<p>Ab dem 17. Februar 2025 \u00fcbernimmt die DSSM AG zus\u00e4tzlich die Funktion des Herstellers f\u00fcr die Produkte von Sagemax. W\u00e4hrend der \u00dcbergangsphase sind weiterhin Produkte von Sagemax Bioceramics Inc. erh\u00e4ltlich. Den jeweiligen Hersteller erkennen Sie auf der Verpackung neben dem schwarzen Fabriksymbol. Im Downloadbereich l\u00e4sst sich anhand des letzten Teils des Dateinamens erkennen, welche Dokumentenversion welchem Hersteller zuzuordnen ist. Die E-IfU-Portale der DSSM AG und von Sagemax Bioceramics Inc. sind \u00fcber separate Schaltfl\u00e4chen unten aufrufbar.[\/vc_column_text][\/vc_column][vc_column column_padding=&#8220;no-extra-padding&#8220; column_padding_tablet=&#8220;inherit&#8220; column_padding_phone=&#8220;inherit&#8220; column_padding_position=&#8220;all&#8220; column_element_direction_desktop=&#8220;default&#8220; column_element_spacing=&#8220;default&#8220; desktop_text_alignment=&#8220;default&#8220; tablet_text_alignment=&#8220;default&#8220; phone_text_alignment=&#8220;default&#8220; background_color_opacity=&#8220;1&#8243; background_hover_color_opacity=&#8220;1&#8243; column_backdrop_filter=&#8220;none&#8220; column_shadow=&#8220;none&#8220; column_border_radius=&#8220;none&#8220; column_link_target=&#8220;_self&#8220; column_position=&#8220;default&#8220; gradient_direction=&#8220;left_to_right&#8220; overlay_strength=&#8220;0.3&#8243; width=&#8220;1\/2&#8243; tablet_width_inherit=&#8220;default&#8220; animation_type=&#8220;default&#8220; bg_image_animation=&#8220;none&#8220; border_type=&#8220;simple&#8220; column_border_width=&#8220;none&#8220; column_border_style=&#8220;solid&#8220;][\/vc_column][\/vc_row][vc_row type=&#8220;in_container&#8220; full_screen_row_position=&#8220;middle&#8220; column_margin=&#8220;default&#8220; column_direction=&#8220;default&#8220; column_direction_tablet=&#8220;default&#8220; column_direction_phone=&#8220;default&#8220; scene_position=&#8220;center&#8220; top_padding=&#8220;40px&#8220; bottom_padding=&#8220;0&#8243; translate_y=&#8220;30px&#8220; text_color=&#8220;dark&#8220; text_align=&#8220;left&#8220; row_border_radius=&#8220;none&#8220; row_border_radius_applies=&#8220;bg&#8220; overflow=&#8220;visible&#8220; overlay_strength=&#8220;0.3&#8243; gradient_direction=&#8220;left_to_right&#8220; shape_divider_position=&#8220;bottom&#8220; bg_image_animation=&#8220;none&#8220; shape_type=&#8220;&#8220;][vc_column column_padding=&#8220;no-extra-padding&#8220; column_padding_tablet=&#8220;inherit&#8220; column_padding_phone=&#8220;inherit&#8220; column_padding_position=&#8220;top-bottom&#8220; column_element_direction_desktop=&#8220;default&#8220; column_element_spacing=&#8220;default&#8220; desktop_text_alignment=&#8220;default&#8220; tablet_text_alignment=&#8220;default&#8220; phone_text_alignment=&#8220;default&#8220; background_color_opacity=&#8220;1&#8243; background_hover_color_opacity=&#8220;1&#8243; column_backdrop_filter=&#8220;none&#8220; column_shadow=&#8220;none&#8220; column_border_radius=&#8220;none&#8220; column_link_target=&#8220;_self&#8220; column_position=&#8220;default&#8220; gradient_direction=&#8220;left_to_right&#8220; overlay_strength=&#8220;0.3&#8243; width=&#8220;1\/1&#8243; tablet_width_inherit=&#8220;default&#8220; animation_type=&#8220;default&#8220; bg_image_animation=&#8220;none&#8220; border_type=&#8220;simple&#8220; column_border_width=&#8220;none&#8220; column_border_style=&#8220;solid&#8220;][vc_raw_html css=&#8220;&#8220;]JTNDaDMlMjBjbGFzcyUzRCUyMnN1YnRpdGxlX19uZXdfX2Rvd24lMjIlM0VHZWJyYXVjaHNpbmZvcm1hdGlvbiUzQyUyRmgzJTNFJTBBJTNDYSUyMGNsYXNzJTNEJTIyZ29fX3RvX19kb3dubG9hZF9fc2VjJTIyJTIwaHJlZiUzRCUyMmh0dHBzJTNBJTJGJTJGZHNzbS1laWZ1LnNhZ2VtYXguY29tJTJGJTIyJTIwdGFyZ2V0JTNEJTIyX2JsYW5rJTIyJTIwcmVsJTNEJTIybm9vcGVuZXIlMjIlM0UlMjBNRFIlMjBJTlNUUlVDVElPTlMlMjBGT1IlMjBVU0UlMjAlM0NiciUzRSVFMiU4MCU5MyUyMERTU00lMjBBRyUzQ2JyJTNFJTIwJTNDJTJGYSUzRQ==[\/vc_raw_html][vc_raw_html css=&#8220;&#8220;]JTNDYSUyMGNsYXNzJTNEJTIyZ29fX3RvX19kb3dubG9hZF9fc2VjJTIyJTIwaHJlZiUzRCUyMmh0dHBzJTNBJTJGJTJGc2FnZW1heC5jb20lMkZlaWZ1JTIyJTIwdGFyZ2V0JTNEJTIyX2JsYW5rJTIyJTIwcmVsJTNEJTIybm9vcGVuZXIlMjIlM0UlMjBNRFIlMjBJTlNUUlVDVElPTlMlMjBGT1IlMjBVU0UlMjAlM0NiciUzRSVFMiU4MCU5MyUyMFNhZ2VtYXglMjBCaW9jZXJhbWljcyUyMEluYy4lM0NiciUzRSUyMCUzQyUyRmElM0U=[\/vc_raw_html][vc_raw_html css=&#8220;&#8220;]JTNDYSUyMGNsYXNzJTNEJTIyZ29fX3RvX19kb3dubG9hZF9fc2VjJTIyJTIwaHJlZiUzRCUyMmh0dHBzJTNBJTJGJTJGZWlmdS5zYWdlbWF4LmNvbSUyRiUyMiUyMHRhcmdldCUzRCUyMl9ibGFuayUyMiUyMHJlbCUzRCUyMm5vb3BlbmVyJTIyJTNFJTIwTUREJTIwSU5TVFJVQ1RJT05TJTIwRk9SJTIwVVNFJTIwJTNDYnIlM0UlRTIlODAlOTMlMjBTYWdlbWF4JTIwQmlvY2VyYW1pY3MlMjBJbmMuJTNDYnIlM0UlMjAlM0MlMkZhJTNF[\/vc_raw_html][\/vc_column][\/vc_row]\n","protected":false},"excerpt":{"rendered":"<p>[vc_row type=&#8220;in_container&#8220; full_screen_row_position=&#8220;middle&#8220; column_margin=&#8220;default&#8220; column_direction=&#8220;default&#8220; column_direction_tablet=&#8220;default&#8220; column_direction_phone=&#8220;default&#8220; scene_position=&#8220;center&#8220; top_padding=&#8220;70&#8243; text_color=&#8220;dark&#8220; text_align=&#8220;left&#8220; row_border_radius=&#8220;none&#8220; row_border_radius_applies=&#8220;bg&#8220; overflow=&#8220;visible&#8220; overlay_strength=&#8220;0.3&#8243; gradient_direction=&#8220;left_to_right&#8220; shape_divider_position=&#8220;bottom&#8220; bg_image_animation=&#8220;none&#8220; shape_type=&#8220;&#8220;][vc_column column_padding=&#8220;no-extra-padding&#8220; column_padding_tablet=&#8220;inherit&#8220; column_padding_phone=&#8220;inherit&#8220; column_padding_position=&#8220;all&#8220; column_element_direction_desktop=&#8220;default&#8220; column_element_spacing=&#8220;default&#8220; desktop_text_alignment=&#8220;default&#8220; tablet_text_alignment=&#8220;default&#8220; phone_text_alignment=&#8220;default&#8220; background_color_opacity=&#8220;1&#8243; background_hover_color_opacity=&#8220;1&#8243;&#8230;<\/p>\n","protected":false},"author":1,"featured_media":0,"parent":0,"menu_order":0,"comment_status":"closed","ping_status":"closed","template":"","meta":{"_acf_changed":false,"footnotes":""},"class_list":["post-675035","page","type-page","status-publish"],"acf":[],"yoast_head":"<!-- This site is optimized with the Yoast SEO Premium plugin v27.5 (Yoast SEO v27.5) - https:\/\/yoast.com\/product\/yoast-seo-premium-wordpress\/ -->\n<title>Downloads - Sagemax<\/title>\n<meta name=\"description\" content=\"Download Sagemax Brosch\u00fcren, Technische Information, Sicherheitsdatenbl\u00e4tter, Zetrifikate, Product Flyer und Sagemax NexxZr Zirconia Portfolio \u00dcberblick\" \/>\n<meta name=\"robots\" content=\"index, follow, max-snippet:-1, max-image-preview:large, max-video-preview:-1\" \/>\n<link rel=\"canonical\" href=\"https:\/\/sagemax.com\/de\/downloads\/\" \/>\n<meta property=\"og:locale\" content=\"de_DE\" \/>\n<meta property=\"og:type\" content=\"article\" \/>\n<meta property=\"og:title\" content=\"Downloads\" \/>\n<meta property=\"og:description\" content=\"Download Sagemax Brosch\u00fcren, Technische Information, Sicherheitsdatenbl\u00e4tter, Zetrifikate, Product Flyer und Sagemax NexxZr Zirconia Portfolio \u00dcberblick\" \/>\n<meta property=\"og:url\" content=\"https:\/\/sagemax.com\/de\/downloads\/\" \/>\n<meta property=\"og:site_name\" content=\"Sagemax\u00ae\" \/>\n<meta property=\"article:publisher\" content=\"https:\/\/www.facebook.com\/sagemax.official\" \/>\n<meta property=\"article:modified_time\" content=\"2025-07-29T12:00:58+00:00\" \/>\n<meta name=\"twitter:card\" content=\"summary_large_image\" \/>\n<meta name=\"twitter:label1\" content=\"Gesch\u00e4tzte Lesezeit\" \/>\n\t<meta name=\"twitter:data1\" content=\"1\u00a0Minute\" \/>\n<script type=\"application\/ld+json\" class=\"yoast-schema-graph\">{\"@context\":\"https:\\\/\\\/schema.org\",\"@graph\":[{\"@type\":\"WebPage\",\"@id\":\"https:\\\/\\\/sagemax.com\\\/de\\\/downloads\\\/\",\"url\":\"https:\\\/\\\/sagemax.com\\\/de\\\/downloads\\\/\",\"name\":\"Downloads - Sagemax\",\"isPartOf\":{\"@id\":\"https:\\\/\\\/sagemax.com\\\/de\\\/#website\"},\"datePublished\":\"2022-05-10T12:37:32+00:00\",\"dateModified\":\"2025-07-29T12:00:58+00:00\",\"description\":\"Download Sagemax Brosch\u00fcren, Technische Information, Sicherheitsdatenbl\u00e4tter, Zetrifikate, Product Flyer und Sagemax NexxZr Zirconia Portfolio \u00dcberblick\",\"breadcrumb\":{\"@id\":\"https:\\\/\\\/sagemax.com\\\/de\\\/downloads\\\/#breadcrumb\"},\"inLanguage\":\"de\",\"potentialAction\":[{\"@type\":\"ReadAction\",\"target\":[\"https:\\\/\\\/sagemax.com\\\/de\\\/downloads\\\/\"]}]},{\"@type\":\"BreadcrumbList\",\"@id\":\"https:\\\/\\\/sagemax.com\\\/de\\\/downloads\\\/#breadcrumb\",\"itemListElement\":[{\"@type\":\"ListItem\",\"position\":1,\"name\":\"Home\",\"item\":\"https:\\\/\\\/sagemax.com\\\/de\\\/\"},{\"@type\":\"ListItem\",\"position\":2,\"name\":\"Downloads\"}]},{\"@type\":\"WebSite\",\"@id\":\"https:\\\/\\\/sagemax.com\\\/de\\\/#website\",\"url\":\"https:\\\/\\\/sagemax.com\\\/de\\\/\",\"name\":\"Sagemax\u00ae\",\"description\":\"Dental esthetics with zirconium\",\"potentialAction\":[{\"@type\":\"SearchAction\",\"target\":{\"@type\":\"EntryPoint\",\"urlTemplate\":\"https:\\\/\\\/sagemax.com\\\/de\\\/?s={search_term_string}\"},\"query-input\":{\"@type\":\"PropertyValueSpecification\",\"valueRequired\":true,\"valueName\":\"search_term_string\"}}],\"inLanguage\":\"de\"}]}<\/script>\n<!-- \/ Yoast SEO Premium plugin. -->","yoast_head_json":{"title":"Downloads - Sagemax","description":"Download Sagemax Brosch\u00fcren, Technische Information, Sicherheitsdatenbl\u00e4tter, Zetrifikate, Product Flyer und Sagemax NexxZr Zirconia Portfolio \u00dcberblick","robots":{"index":"index","follow":"follow","max-snippet":"max-snippet:-1","max-image-preview":"max-image-preview:large","max-video-preview":"max-video-preview:-1"},"canonical":"https:\/\/sagemax.com\/de\/downloads\/","og_locale":"de_DE","og_type":"article","og_title":"Downloads","og_description":"Download Sagemax Brosch\u00fcren, Technische Information, Sicherheitsdatenbl\u00e4tter, Zetrifikate, Product Flyer und Sagemax NexxZr Zirconia Portfolio \u00dcberblick","og_url":"https:\/\/sagemax.com\/de\/downloads\/","og_site_name":"Sagemax\u00ae","article_publisher":"https:\/\/www.facebook.com\/sagemax.official","article_modified_time":"2025-07-29T12:00:58+00:00","twitter_card":"summary_large_image","twitter_misc":{"Gesch\u00e4tzte Lesezeit":"1\u00a0Minute"},"schema":{"@context":"https:\/\/schema.org","@graph":[{"@type":"WebPage","@id":"https:\/\/sagemax.com\/de\/downloads\/","url":"https:\/\/sagemax.com\/de\/downloads\/","name":"Downloads - Sagemax","isPartOf":{"@id":"https:\/\/sagemax.com\/de\/#website"},"datePublished":"2022-05-10T12:37:32+00:00","dateModified":"2025-07-29T12:00:58+00:00","description":"Download Sagemax Brosch\u00fcren, Technische Information, Sicherheitsdatenbl\u00e4tter, Zetrifikate, Product Flyer und Sagemax NexxZr Zirconia Portfolio \u00dcberblick","breadcrumb":{"@id":"https:\/\/sagemax.com\/de\/downloads\/#breadcrumb"},"inLanguage":"de","potentialAction":[{"@type":"ReadAction","target":["https:\/\/sagemax.com\/de\/downloads\/"]}]},{"@type":"BreadcrumbList","@id":"https:\/\/sagemax.com\/de\/downloads\/#breadcrumb","itemListElement":[{"@type":"ListItem","position":1,"name":"Home","item":"https:\/\/sagemax.com\/de\/"},{"@type":"ListItem","position":2,"name":"Downloads"}]},{"@type":"WebSite","@id":"https:\/\/sagemax.com\/de\/#website","url":"https:\/\/sagemax.com\/de\/","name":"Sagemax\u00ae","description":"Dental esthetics with zirconium","potentialAction":[{"@type":"SearchAction","target":{"@type":"EntryPoint","urlTemplate":"https:\/\/sagemax.com\/de\/?s={search_term_string}"},"query-input":{"@type":"PropertyValueSpecification","valueRequired":true,"valueName":"search_term_string"}}],"inLanguage":"de"}]}},"_links":{"self":[{"href":"https:\/\/sagemax.com\/de\/wp-json\/wp\/v2\/pages\/675035","targetHints":{"allow":["GET"]}}],"collection":[{"href":"https:\/\/sagemax.com\/de\/wp-json\/wp\/v2\/pages"}],"about":[{"href":"https:\/\/sagemax.com\/de\/wp-json\/wp\/v2\/types\/page"}],"author":[{"embeddable":true,"href":"https:\/\/sagemax.com\/de\/wp-json\/wp\/v2\/users\/1"}],"replies":[{"embeddable":true,"href":"https:\/\/sagemax.com\/de\/wp-json\/wp\/v2\/comments?post=675035"}],"version-history":[{"count":30,"href":"https:\/\/sagemax.com\/de\/wp-json\/wp\/v2\/pages\/675035\/revisions"}],"predecessor-version":[{"id":708136,"href":"https:\/\/sagemax.com\/de\/wp-json\/wp\/v2\/pages\/675035\/revisions\/708136"}],"wp:attachment":[{"href":"https:\/\/sagemax.com\/de\/wp-json\/wp\/v2\/media?parent=675035"}],"curies":[{"name":"wp","href":"https:\/\/api.w.org\/{rel}","templated":true}]}}